{"id":380,"date":"2020-02-03T16:03:09","date_gmt":"2020-02-03T16:03:09","guid":{"rendered":"https:\/\/tojos.lt\/?page_id=380\/"},"modified":"2021-01-28T07:45:48","modified_gmt":"2021-01-28T07:45:48","slug":"pagrindinis","status":"publish","type":"page","link":"https:\/\/tojos.lt\/nb\/","title":{"rendered":"Pagrindinis"},"content":{"rendered":"<h1>Topp jobb solutions!<\/h1>\n<p>\t\t\t<a href=\"#prosjekter\" role=\"button\"><br \/>\n\t\t\t\t\t\tPROSJEKTER<br \/>\n\t\t\t\t\t<\/a><br \/>\n\t\t\t\t\t\t\t\t\t\t<img loading=\"lazy\" decoding=\"async\" width=\"4544\" height=\"2517\" src=\"https:\/\/tojos.lt\/wp-content\/uploads\/2020\/02\/il_tojos_bl70.png\" alt=\"\" srcset=\"https:\/\/tojos.lt\/wp-content\/uploads\/2020\/02\/il_tojos_bl70.png 4544w, https:\/\/tojos.lt\/wp-content\/uploads\/2020\/02\/il_tojos_bl70-300x166.png 300w, https:\/\/tojos.lt\/wp-content\/uploads\/2020\/02\/il_tojos_bl70-1024x567.png 1024w, https:\/\/tojos.lt\/wp-content\/uploads\/2020\/02\/il_tojos_bl70-768x425.png 768w, https:\/\/tojos.lt\/wp-content\/uploads\/2020\/02\/il_tojos_bl70-1536x851.png 1536w, https:\/\/tojos.lt\/wp-content\/uploads\/2020\/02\/il_tojos_bl70-2048x1134.png 2048w\" sizes=\"(max-width: 4544px) 100vw, 4544px\" \/>\t\t\t\t\t\t\t\t\t\t\t<\/p>\n<h1>Top job solutions!<\/h1>\n<p>\t\t\t<a href=\"#Atlikti-darbai\" role=\"button\"><br \/>\n\t\t\t\t\t\tPROSJEKTER<br \/>\n\t\t\t\t\t<\/a><br \/>\n\t\t\t\t\t\t\t\t\t\t<img loading=\"lazy\" decoding=\"async\" width=\"4544\" height=\"2517\" src=\"https:\/\/tojos.lt\/wp-content\/uploads\/2020\/02\/il_tojos_bl70.png\" alt=\"\" srcset=\"https:\/\/tojos.lt\/wp-content\/uploads\/2020\/02\/il_tojos_bl70.png 4544w, https:\/\/tojos.lt\/wp-content\/uploads\/2020\/02\/il_tojos_bl70-300x166.png 300w, https:\/\/tojos.lt\/wp-content\/uploads\/2020\/02\/il_tojos_bl70-1024x567.png 1024w, https:\/\/tojos.lt\/wp-content\/uploads\/2020\/02\/il_tojos_bl70-768x425.png 768w, https:\/\/tojos.lt\/wp-content\/uploads\/2020\/02\/il_tojos_bl70-1536x851.png 1536w, https:\/\/tojos.lt\/wp-content\/uploads\/2020\/02\/il_tojos_bl70-2048x1134.png 2048w\" sizes=\"(max-width: 4544px) 100vw, 4544px\" \/>\t\t\t\t\t\t\t\t\t\t\t<\/p>\n<h2>Om oss<\/h2>\n<p>V\u00e5r m\u00e5l er \u00e5 konvertere kundens \u00f8nsker til virkelighet. Kontakt oss hvis du har behov for beregninger, tegninger og leveranse av st\u00e5lkonstruksjoner eller andre st\u00e5lelementer slik som trapp, rekkverk, osv.\u00a0\u00a0Vi kan ogs\u00e5 tilby et stort utvalg av byggematerialer.<\/p>\n<p>\t\t\t\t\t\t\t\t\t\t<img loading=\"lazy\" decoding=\"async\" width=\"416\" height=\"1200\" src=\"https:\/\/tojos.lt\/wp-content\/uploads\/2020\/02\/ILIUSTR_L.png\" alt=\"\" srcset=\"https:\/\/tojos.lt\/wp-content\/uploads\/2020\/02\/ILIUSTR_L.png 416w, https:\/\/tojos.lt\/wp-content\/uploads\/2020\/02\/ILIUSTR_L-104x300.png 104w, https:\/\/tojos.lt\/wp-content\/uploads\/2020\/02\/ILIUSTR_L-355x1024.png 355w\" sizes=\"(max-width: 416px) 100vw, 416px\" \/><br \/>\n\t\t\t<a href=\"#tjenester\" role=\"button\"><br \/>\n\t\t\t\t\t\tTJENESTER<br \/>\n\t\t\t\t\t<\/a><\/p>\n<h2>Tjenester<\/h2>\n<ul>\n<li>Prosjektering og beregninger av st\u00e5lkonstruksjoner<\/li>\n<li>Detaljprosjektering og montasjetegninger<\/li>\n<li>Prosjektering av trapp, rekkverk og andre st\u00e5lprodukter<\/li>\n<li>Leveranse av st\u00e5lelementer, festemidler og andre byggematerialer<\/li>\n<\/ul>\n<p>\t\t\t\t\t\t\t\t\t\t<img loading=\"lazy\" decoding=\"async\" width=\"684\" height=\"1024\" src=\"https:\/\/tojos.lt\/wp-content\/uploads\/2020\/02\/detailed-blueprints-of-a-house-HSWXZF2-684x1024.jpg\" alt=\"\" srcset=\"https:\/\/tojos.lt\/wp-content\/uploads\/2020\/02\/detailed-blueprints-of-a-house-HSWXZF2-684x1024.jpg 684w, https:\/\/tojos.lt\/wp-content\/uploads\/2020\/02\/detailed-blueprints-of-a-house-HSWXZF2-200x300.jpg 200w, https:\/\/tojos.lt\/wp-content\/uploads\/2020\/02\/detailed-blueprints-of-a-house-HSWXZF2-768x1150.jpg 768w, https:\/\/tojos.lt\/wp-content\/uploads\/2020\/02\/detailed-blueprints-of-a-house-HSWXZF2-1025x1536.jpg 1025w, https:\/\/tojos.lt\/wp-content\/uploads\/2020\/02\/detailed-blueprints-of-a-house-HSWXZF2-1367x2048.jpg 1367w, https:\/\/tojos.lt\/wp-content\/uploads\/2020\/02\/detailed-blueprints-of-a-house-HSWXZF2-scaled.jpg 1709w\" sizes=\"(max-width: 684px) 100vw, 684px\" \/>\t\t\t\t\t\t\t\t\t\t\t<\/p>\n<h2>Prosjekter<\/h2>\n<p>\t\t\t\t\t\t\t\t\t<a data-gallery-index=\"0\">St\u00e5lkonstruksjoner<\/a><br \/>\n\t\t\t\t\t\t\t\t\t\t<a data-gallery-index=\"1\">Trapp, rekkverk og andre st\u00e5lprodukter<\/a><br \/>\n\t\t\t\t\t\t\t<a data-e-gallery-tags=\"0\" href=\"https:\/\/tojos.lt\/wp-content\/uploads\/2020\/02\/32-scaled.jpg\" data-elementor-open-lightbox=\"yes\" data-elementor-lightbox-slideshow=\"all-f85eb94\"><br \/>\n\t\t\t\t\t\t\t\t\t\t\t\t\t\t<\/a><br \/>\n\t\t\t\t\t\t\t<a data-e-gallery-tags=\"0\" href=\"https:\/\/tojos.lt\/wp-content\/uploads\/2020\/02\/31-scaled.jpg\" data-elementor-open-lightbox=\"yes\" data-elementor-lightbox-slideshow=\"all-f85eb94\"><br \/>\n\t\t\t\t\t\t\t\t\t\t\t\t\t\t<\/a><br \/>\n\t\t\t\t\t\t\t<a data-e-gallery-tags=\"0\" href=\"https:\/\/tojos.lt\/wp-content\/uploads\/2020\/02\/30-scaled.jpg\" data-elementor-open-lightbox=\"yes\" data-elementor-lightbox-slideshow=\"all-f85eb94\"><br \/>\n\t\t\t\t\t\t\t\t\t\t\t\t\t\t<\/a><br \/>\n\t\t\t\t\t\t\t<a data-e-gallery-tags=\"0\" href=\"https:\/\/tojos.lt\/wp-content\/uploads\/2020\/02\/29-scaled.jpg\" data-elementor-open-lightbox=\"yes\" data-elementor-lightbox-slideshow=\"all-f85eb94\"><br \/>\n\t\t\t\t\t\t\t\t\t\t\t\t\t\t<\/a><br \/>\n\t\t\t\t\t\t\t<a data-e-gallery-tags=\"0\" href=\"https:\/\/tojos.lt\/wp-content\/uploads\/2020\/02\/28-scaled.jpg\" data-elementor-open-lightbox=\"yes\" data-elementor-lightbox-slideshow=\"all-f85eb94\"><br \/>\n\t\t\t\t\t\t\t\t\t\t\t\t\t\t<\/a><br \/>\n\t\t\t\t\t\t\t<a data-e-gallery-tags=\"0\" href=\"https:\/\/tojos.lt\/wp-content\/uploads\/2020\/02\/27-scaled.jpg\" data-elementor-open-lightbox=\"yes\" data-elementor-lightbox-slideshow=\"all-f85eb94\"><br \/>\n\t\t\t\t\t\t\t\t\t\t\t\t\t\t<\/a><br \/>\n\t\t\t\t\t\t\t<a data-e-gallery-tags=\"0\" href=\"https:\/\/tojos.lt\/wp-content\/uploads\/2020\/02\/26-scaled.jpg\" data-elementor-open-lightbox=\"yes\" data-elementor-lightbox-slideshow=\"all-f85eb94\"><br \/>\n\t\t\t\t\t\t\t\t\t\t\t\t\t\t<\/a><br \/>\n\t\t\t\t\t\t\t<a data-e-gallery-tags=\"0\" href=\"https:\/\/tojos.lt\/wp-content\/uploads\/2020\/02\/25-scaled.jpg\" data-elementor-open-lightbox=\"yes\" data-elementor-lightbox-slideshow=\"all-f85eb94\"><br \/>\n\t\t\t\t\t\t\t\t\t\t\t\t\t\t<\/a><br \/>\n\t\t\t\t\t\t\t<a data-e-gallery-tags=\"0\" href=\"https:\/\/tojos.lt\/wp-content\/uploads\/2020\/02\/24-scaled.jpg\" data-elementor-open-lightbox=\"yes\" data-elementor-lightbox-slideshow=\"all-f85eb94\"><br \/>\n\t\t\t\t\t\t\t\t\t\t\t\t\t\t<\/a><br \/>\n\t\t\t\t\t\t\t<a data-e-gallery-tags=\"0\" href=\"https:\/\/tojos.lt\/wp-content\/uploads\/2020\/02\/23-scaled.jpg\" data-elementor-open-lightbox=\"yes\" data-elementor-lightbox-slideshow=\"all-f85eb94\"><br \/>\n\t\t\t\t\t\t\t\t\t\t\t\t\t\t<\/a><br \/>\n\t\t\t\t\t\t\t<a data-e-gallery-tags=\"0\" href=\"https:\/\/tojos.lt\/wp-content\/uploads\/2020\/02\/22-scaled.jpg\" data-elementor-open-lightbox=\"yes\" data-elementor-lightbox-slideshow=\"all-f85eb94\"><br \/>\n\t\t\t\t\t\t\t\t\t\t\t\t\t\t<\/a><br \/>\n\t\t\t\t\t\t\t<a data-e-gallery-tags=\"0\" href=\"https:\/\/tojos.lt\/wp-content\/uploads\/2020\/02\/21-scaled.jpg\" data-elementor-open-lightbox=\"yes\" data-elementor-lightbox-slideshow=\"all-f85eb94\"><br \/>\n\t\t\t\t\t\t\t\t\t\t\t\t\t\t<\/a><br \/>\n\t\t\t\t\t\t\t<a data-e-gallery-tags=\"0\" href=\"https:\/\/tojos.lt\/wp-content\/uploads\/2020\/02\/20-scaled.jpg\" data-elementor-open-lightbox=\"yes\" data-elementor-lightbox-slideshow=\"all-f85eb94\"><br \/>\n\t\t\t\t\t\t\t\t\t\t\t\t\t\t<\/a><br \/>\n\t\t\t\t\t\t\t<a data-e-gallery-tags=\"0\" href=\"https:\/\/tojos.lt\/wp-content\/uploads\/2020\/02\/19-scaled.jpg\" data-elementor-open-lightbox=\"yes\" data-elementor-lightbox-slideshow=\"all-f85eb94\"><br \/>\n\t\t\t\t\t\t\t\t\t\t\t\t\t\t<\/a><br \/>\n\t\t\t\t\t\t\t<a data-e-gallery-tags=\"0\" href=\"https:\/\/tojos.lt\/wp-content\/uploads\/2020\/02\/18-scaled.jpg\" data-elementor-open-lightbox=\"yes\" data-elementor-lightbox-slideshow=\"all-f85eb94\"><br \/>\n\t\t\t\t\t\t\t\t\t\t\t\t\t\t<\/a><br \/>\n\t\t\t\t\t\t\t<a data-e-gallery-tags=\"0\" href=\"https:\/\/tojos.lt\/wp-content\/uploads\/2020\/02\/17-scaled.jpg\" data-elementor-open-lightbox=\"yes\" data-elementor-lightbox-slideshow=\"all-f85eb94\"><br \/>\n\t\t\t\t\t\t\t\t\t\t\t\t\t\t<\/a><br \/>\n\t\t\t\t\t\t\t<a data-e-gallery-tags=\"0\" href=\"https:\/\/tojos.lt\/wp-content\/uploads\/2020\/02\/16-scaled.jpg\" data-elementor-open-lightbox=\"yes\" data-elementor-lightbox-slideshow=\"all-f85eb94\"><br \/>\n\t\t\t\t\t\t\t\t\t\t\t\t\t\t<\/a><br \/>\n\t\t\t\t\t\t\t<a data-e-gallery-tags=\"0\" href=\"https:\/\/tojos.lt\/wp-content\/uploads\/2020\/02\/15-scaled.jpg\" data-elementor-open-lightbox=\"yes\" data-elementor-lightbox-slideshow=\"all-f85eb94\"><br \/>\n\t\t\t\t\t\t\t\t\t\t\t\t\t\t<\/a><br \/>\n\t\t\t\t\t\t\t<a data-e-gallery-tags=\"0\" href=\"https:\/\/tojos.lt\/wp-content\/uploads\/2020\/02\/14-scaled.jpg\" data-elementor-open-lightbox=\"yes\" data-elementor-lightbox-slideshow=\"all-f85eb94\"><br \/>\n\t\t\t\t\t\t\t\t\t\t\t\t\t\t<\/a><br \/>\n\t\t\t\t\t\t\t<a data-e-gallery-tags=\"0\" href=\"https:\/\/tojos.lt\/wp-content\/uploads\/2020\/02\/13-scaled.jpg\" data-elementor-open-lightbox=\"yes\" data-elementor-lightbox-slideshow=\"all-f85eb94\"><br \/>\n\t\t\t\t\t\t\t\t\t\t\t\t\t\t<\/a><br \/>\n\t\t\t\t\t\t\t<a data-e-gallery-tags=\"0\" href=\"https:\/\/tojos.lt\/wp-content\/uploads\/2020\/02\/12-scaled.jpg\" data-elementor-open-lightbox=\"yes\" data-elementor-lightbox-slideshow=\"all-f85eb94\"><br \/>\n\t\t\t\t\t\t\t\t\t\t\t\t\t\t<\/a><br \/>\n\t\t\t\t\t\t\t<a data-e-gallery-tags=\"0\" href=\"https:\/\/tojos.lt\/wp-content\/uploads\/2020\/02\/11-scaled.jpg\" data-elementor-open-lightbox=\"yes\" data-elementor-lightbox-slideshow=\"all-f85eb94\"><br \/>\n\t\t\t\t\t\t\t\t\t\t\t\t\t\t<\/a><br \/>\n\t\t\t\t\t\t\t<a data-e-gallery-tags=\"0\" href=\"https:\/\/tojos.lt\/wp-content\/uploads\/2020\/02\/10-scaled.jpg\" data-elementor-open-lightbox=\"yes\" data-elementor-lightbox-slideshow=\"all-f85eb94\"><br \/>\n\t\t\t\t\t\t\t\t\t\t\t\t\t\t<\/a><br \/>\n\t\t\t\t\t\t\t<a data-e-gallery-tags=\"0\" href=\"https:\/\/tojos.lt\/wp-content\/uploads\/2020\/02\/9-scaled.jpg\" data-elementor-open-lightbox=\"yes\" data-elementor-lightbox-slideshow=\"all-f85eb94\"><br \/>\n\t\t\t\t\t\t\t\t\t\t\t\t\t\t<\/a><br \/>\n\t\t\t\t\t\t\t<a data-e-gallery-tags=\"0\" href=\"https:\/\/tojos.lt\/wp-content\/uploads\/2020\/02\/8-scaled.jpg\" data-elementor-open-lightbox=\"yes\" data-elementor-lightbox-slideshow=\"all-f85eb94\"><br \/>\n\t\t\t\t\t\t\t\t\t\t\t\t\t\t<\/a><br \/>\n\t\t\t\t\t\t\t<a data-e-gallery-tags=\"0\" href=\"https:\/\/tojos.lt\/wp-content\/uploads\/2020\/02\/7-scaled.jpg\" data-elementor-open-lightbox=\"yes\" data-elementor-lightbox-slideshow=\"all-f85eb94\"><br \/>\n\t\t\t\t\t\t\t\t\t\t\t\t\t\t<\/a><br \/>\n\t\t\t\t\t\t\t<a data-e-gallery-tags=\"0\" href=\"https:\/\/tojos.lt\/wp-content\/uploads\/2020\/02\/6-scaled.jpg\" data-elementor-open-lightbox=\"yes\" data-elementor-lightbox-slideshow=\"all-f85eb94\"><br \/>\n\t\t\t\t\t\t\t\t\t\t\t\t\t\t<\/a><br \/>\n\t\t\t\t\t\t\t<a data-e-gallery-tags=\"0\" href=\"https:\/\/tojos.lt\/wp-content\/uploads\/2020\/02\/5-scaled.jpg\" data-elementor-open-lightbox=\"yes\" data-elementor-lightbox-slideshow=\"all-f85eb94\"><br \/>\n\t\t\t\t\t\t\t\t\t\t\t\t\t\t<\/a><br \/>\n\t\t\t\t\t\t\t<a data-e-gallery-tags=\"0\" href=\"https:\/\/tojos.lt\/wp-content\/uploads\/2020\/02\/4-scaled.jpg\" data-elementor-open-lightbox=\"yes\" data-elementor-lightbox-slideshow=\"all-f85eb94\"><br \/>\n\t\t\t\t\t\t\t\t\t\t\t\t\t\t<\/a><br \/>\n\t\t\t\t\t\t\t<a data-e-gallery-tags=\"0\" href=\"https:\/\/tojos.lt\/wp-content\/uploads\/2020\/02\/3-scaled.jpg\" data-elementor-open-lightbox=\"yes\" data-elementor-lightbox-slideshow=\"all-f85eb94\"><br \/>\n\t\t\t\t\t\t\t\t\t\t\t\t\t\t<\/a><br \/>\n\t\t\t\t\t\t\t<a data-e-gallery-tags=\"0\" href=\"https:\/\/tojos.lt\/wp-content\/uploads\/2020\/02\/2-scaled.jpg\" data-elementor-open-lightbox=\"yes\" data-elementor-lightbox-slideshow=\"all-f85eb94\"><br \/>\n\t\t\t\t\t\t\t\t\t\t\t\t\t\t<\/a><br \/>\n\t\t\t\t\t\t\t<a data-e-gallery-tags=\"0\" href=\"https:\/\/tojos.lt\/wp-content\/uploads\/2020\/02\/1-scaled.jpg\" data-elementor-open-lightbox=\"yes\" data-elementor-lightbox-slideshow=\"all-f85eb94\"><br \/>\n\t\t\t\t\t\t\t\t\t\t\t\t\t\t<\/a><br \/>\n\t\t\t\t\t\t\t<a data-e-gallery-tags=\"0\" href=\"https:\/\/tojos.lt\/wp-content\/uploads\/2020\/02\/01-scaled.jpg\" data-elementor-open-lightbox=\"yes\" data-elementor-lightbox-slideshow=\"all-f85eb94\"><br \/>\n\t\t\t\t\t\t\t\t\t\t\t\t\t\t<\/a><br \/>\n\t\t\t\t\t\t\t<a data-e-gallery-tags=\"0\" href=\"https:\/\/tojos.lt\/wp-content\/uploads\/2020\/02\/001-scaled.jpg\" data-elementor-open-lightbox=\"yes\" data-elementor-lightbox-slideshow=\"all-f85eb94\"><br \/>\n\t\t\t\t\t\t\t\t\t\t\t\t\t\t<\/a><br \/>\n\t\t\t\t\t\t\t<a data-e-gallery-tags=\"0\" href=\"https:\/\/tojos.lt\/wp-content\/uploads\/2020\/02\/0001-scaled.jpg\" data-elementor-open-lightbox=\"yes\" data-elementor-lightbox-slideshow=\"all-f85eb94\"><br \/>\n\t\t\t\t\t\t\t\t\t\t\t\t\t\t<\/a><br \/>\n\t\t\t\t\t\t\t<a data-e-gallery-tags=\"0\" href=\"https:\/\/tojos.lt\/wp-content\/uploads\/2020\/02\/00001-scaled.jpg\" data-elementor-open-lightbox=\"yes\" data-elementor-lightbox-slideshow=\"all-f85eb94\"><br \/>\n\t\t\t\t\t\t\t\t\t\t\t\t\t\t<\/a><br \/>\n\t\t\t\t\t\t\t<a data-e-gallery-tags=\"0\" href=\"https:\/\/tojos.lt\/wp-content\/uploads\/2020\/02\/000001-scaled.jpg\" data-elementor-open-lightbox=\"yes\" data-elementor-lightbox-slideshow=\"all-f85eb94\"><br \/>\n\t\t\t\t\t\t\t\t\t\t\t\t\t\t<\/a><br \/>\n\t\t\t\t\t\t\t<a data-e-gallery-tags=\"0\" href=\"https:\/\/tojos.lt\/wp-content\/uploads\/2020\/02\/0000001-scaled.jpg\" data-elementor-open-lightbox=\"yes\" data-elementor-lightbox-slideshow=\"all-f85eb94\"><br \/>\n\t\t\t\t\t\t\t\t\t\t\t\t\t\t<\/a><br \/>\n\t\t\t\t\t\t\t<a data-e-gallery-tags=\"1\" href=\"https:\/\/tojos.lt\/wp-content\/uploads\/2020\/02\/1-1-scaled.jpg\" data-elementor-open-lightbox=\"yes\" data-elementor-lightbox-slideshow=\"all-f85eb94\"><br \/>\n\t\t\t\t\t\t\t\t\t\t\t\t\t\t<\/a><br \/>\n\t\t\t\t\t\t\t<a data-e-gallery-tags=\"1\" href=\"https:\/\/tojos.lt\/wp-content\/uploads\/2020\/02\/2-1-scaled.jpg\" data-elementor-open-lightbox=\"yes\" data-elementor-lightbox-slideshow=\"all-f85eb94\"><br \/>\n\t\t\t\t\t\t\t\t\t\t\t\t\t\t<\/a><br \/>\n\t\t\t\t\t\t\t<a data-e-gallery-tags=\"1\" href=\"https:\/\/tojos.lt\/wp-content\/uploads\/2020\/02\/3-1-scaled.jpg\" data-elementor-open-lightbox=\"yes\" data-elementor-lightbox-slideshow=\"all-f85eb94\"><br \/>\n\t\t\t\t\t\t\t\t\t\t\t\t\t\t<\/a><br \/>\n\t\t\t\t\t\t\t<a data-e-gallery-tags=\"1\" href=\"https:\/\/tojos.lt\/wp-content\/uploads\/2020\/02\/4-1-scaled.jpg\" data-elementor-open-lightbox=\"yes\" data-elementor-lightbox-slideshow=\"all-f85eb94\"><br \/>\n\t\t\t\t\t\t\t\t\t\t\t\t\t\t<\/a><br \/>\n\t\t\t\t\t\t\t<a data-e-gallery-tags=\"1\" href=\"https:\/\/tojos.lt\/wp-content\/uploads\/2020\/02\/5-1-scaled.jpg\" data-elementor-open-lightbox=\"yes\" data-elementor-lightbox-slideshow=\"all-f85eb94\"><br \/>\n\t\t\t\t\t\t\t\t\t\t\t\t\t\t<\/a><br \/>\n\t\t\t\t\t\t\t<a data-e-gallery-tags=\"1\" href=\"https:\/\/tojos.lt\/wp-content\/uploads\/2020\/02\/6-1-scaled.jpg\" data-elementor-open-lightbox=\"yes\" data-elementor-lightbox-slideshow=\"all-f85eb94\"><br \/>\n\t\t\t\t\t\t\t\t\t\t\t\t\t\t<\/a><br \/>\n\t\t\t\t\t\t\t<a data-e-gallery-tags=\"1\" href=\"https:\/\/tojos.lt\/wp-content\/uploads\/2020\/02\/7-1-scaled.jpg\" data-elementor-open-lightbox=\"yes\" data-elementor-lightbox-slideshow=\"all-f85eb94\"><br \/>\n\t\t\t\t\t\t\t\t\t\t\t\t\t\t<\/a><br \/>\n\t\t\t\t\t\t\t<a data-e-gallery-tags=\"1\" href=\"https:\/\/tojos.lt\/wp-content\/uploads\/2020\/02\/8-1-scaled.jpg\" data-elementor-open-lightbox=\"yes\" data-elementor-lightbox-slideshow=\"all-f85eb94\"><br \/>\n\t\t\t\t\t\t\t\t\t\t\t\t\t\t<\/a><br \/>\n\t\t\t\t\t\t\t<a data-e-gallery-tags=\"1\" href=\"https:\/\/tojos.lt\/wp-content\/uploads\/2020\/02\/10-1.jpg\" data-elementor-open-lightbox=\"yes\" data-elementor-lightbox-slideshow=\"all-f85eb94\"><br \/>\n\t\t\t\t\t\t\t\t\t\t\t\t\t\t<\/a><br \/>\n\t\t\t\t\t\t\t<a data-e-gallery-tags=\"1\" href=\"https:\/\/tojos.lt\/wp-content\/uploads\/2020\/02\/11-1-scaled.jpg\" data-elementor-open-lightbox=\"yes\" data-elementor-lightbox-slideshow=\"all-f85eb94\"><br \/>\n\t\t\t\t\t\t\t\t\t\t\t\t\t\t<\/a><br \/>\n\t\t\t\t\t\t\t<a data-e-gallery-tags=\"1\" href=\"https:\/\/tojos.lt\/wp-content\/uploads\/2020\/02\/12-1-scaled.jpg\" data-elementor-open-lightbox=\"yes\" data-elementor-lightbox-slideshow=\"all-f85eb94\"><br \/>\n\t\t\t\t\t\t\t\t\t\t\t\t\t\t<\/a><br \/>\n\t\t\t\t\t\t\t<a data-e-gallery-tags=\"1\" href=\"https:\/\/tojos.lt\/wp-content\/uploads\/2020\/02\/13-1-scaled.jpg\" data-elementor-open-lightbox=\"yes\" data-elementor-lightbox-slideshow=\"all-f85eb94\"><br \/>\n\t\t\t\t\t\t\t\t\t\t\t\t\t\t<\/a><br \/>\n\t\t\t\t\t\t\t<a data-e-gallery-tags=\"1\" href=\"https:\/\/tojos.lt\/wp-content\/uploads\/2020\/02\/14-1-scaled.jpg\" data-elementor-open-lightbox=\"yes\" data-elementor-lightbox-slideshow=\"all-f85eb94\"><br \/>\n\t\t\t\t\t\t\t\t\t\t\t\t\t\t<\/a><br \/>\n\t\t\t\t\t\t\t<a data-e-gallery-tags=\"1\" href=\"https:\/\/tojos.lt\/wp-content\/uploads\/2020\/02\/15-1-scaled.jpg\" data-elementor-open-lightbox=\"yes\" data-elementor-lightbox-slideshow=\"all-f85eb94\"><br \/>\n\t\t\t\t\t\t\t\t\t\t\t\t\t\t<\/a><br \/>\n\t\t\t\t\t\t\t<a data-e-gallery-tags=\"1\" href=\"https:\/\/tojos.lt\/wp-content\/uploads\/2020\/02\/16-1-scaled.jpg\" data-elementor-open-lightbox=\"yes\" data-elementor-lightbox-slideshow=\"all-f85eb94\"><br \/>\n\t\t\t\t\t\t\t\t\t\t\t\t\t\t<\/a><br \/>\n\t\t\t\t\t\t\t<a data-e-gallery-tags=\"1\" href=\"https:\/\/tojos.lt\/wp-content\/uploads\/2020\/02\/17-1-scaled.jpg\" data-elementor-open-lightbox=\"yes\" data-elementor-lightbox-slideshow=\"all-f85eb94\"><br \/>\n\t\t\t\t\t\t\t\t\t\t\t\t\t\t<\/a><br \/>\n\t\t\t\t\t\t\t<a data-e-gallery-tags=\"1\" href=\"https:\/\/tojos.lt\/wp-content\/uploads\/2020\/02\/18-1-scaled.jpg\" data-elementor-open-lightbox=\"yes\" data-elementor-lightbox-slideshow=\"all-f85eb94\"><br \/>\n\t\t\t\t\t\t\t\t\t\t\t\t\t\t<\/a><br \/>\n\t\t\t\t\t\t\t<a data-e-gallery-tags=\"1\" href=\"https:\/\/tojos.lt\/wp-content\/uploads\/2020\/02\/19-1-scaled.jpg\" data-elementor-open-lightbox=\"yes\" data-elementor-lightbox-slideshow=\"all-f85eb94\"><br \/>\n\t\t\t\t\t\t\t\t\t\t\t\t\t\t<\/a><br \/>\n\t\t\t\t\t\t\t<a data-e-gallery-tags=\"1\" href=\"https:\/\/tojos.lt\/wp-content\/uploads\/2020\/02\/20-1-scaled.jpg\" data-elementor-open-lightbox=\"yes\" data-elementor-lightbox-slideshow=\"all-f85eb94\"><br \/>\n\t\t\t\t\t\t\t\t\t\t\t\t\t\t<\/a><br \/>\n\t\t\t\t\t\t\t<a data-e-gallery-tags=\"1\" href=\"https:\/\/tojos.lt\/wp-content\/uploads\/2020\/02\/21-1-scaled.jpg\" data-elementor-open-lightbox=\"yes\" data-elementor-lightbox-slideshow=\"all-f85eb94\"><br \/>\n\t\t\t\t\t\t\t\t\t\t\t\t\t\t<\/a><br \/>\n\t\t\t\t\t\t\t<a data-e-gallery-tags=\"1\" href=\"https:\/\/tojos.lt\/wp-content\/uploads\/2020\/02\/22-1-scaled.jpg\" data-elementor-open-lightbox=\"yes\" data-elementor-lightbox-slideshow=\"all-f85eb94\"><br \/>\n\t\t\t\t\t\t\t\t\t\t\t\t\t\t<\/a><br \/>\n\t\t\t\t\t\t\t<a data-e-gallery-tags=\"1\" href=\"https:\/\/tojos.lt\/wp-content\/uploads\/2020\/02\/23-1-scaled.jpg\" data-elementor-open-lightbox=\"yes\" data-elementor-lightbox-slideshow=\"all-f85eb94\"><br \/>\n\t\t\t\t\t\t\t\t\t\t\t\t\t\t<\/a><br \/>\n\t\t\t\t\t\t\t<a data-e-gallery-tags=\"1\" href=\"https:\/\/tojos.lt\/wp-content\/uploads\/2020\/02\/24-1-scaled.jpg\" data-elementor-open-lightbox=\"yes\" data-elementor-lightbox-slideshow=\"all-f85eb94\"><br \/>\n\t\t\t\t\t\t\t\t\t\t\t\t\t\t<\/a><br \/>\n\t\t\t\t\t\t\t<a data-e-gallery-tags=\"1\" href=\"https:\/\/tojos.lt\/wp-content\/uploads\/2020\/02\/25-1-scaled.jpg\" data-elementor-open-lightbox=\"yes\" data-elementor-lightbox-slideshow=\"all-f85eb94\"><br \/>\n\t\t\t\t\t\t\t\t\t\t\t\t\t\t<\/a><br \/>\n\t\t\t\t\t\t\t<a data-e-gallery-tags=\"1\" href=\"https:\/\/tojos.lt\/wp-content\/uploads\/2020\/02\/26-1-scaled.jpg\" data-elementor-open-lightbox=\"yes\" data-elementor-lightbox-slideshow=\"all-f85eb94\"><br \/>\n\t\t\t\t\t\t\t\t\t\t\t\t\t\t<\/a><br \/>\n\t\t\t\t\t\t\t<a data-e-gallery-tags=\"1\" href=\"https:\/\/tojos.lt\/wp-content\/uploads\/2020\/02\/27-1-scaled.jpg\" data-elementor-open-lightbox=\"yes\" data-elementor-lightbox-slideshow=\"all-f85eb94\"><br \/>\n\t\t\t\t\t\t\t\t\t\t\t\t\t\t<\/a><br \/>\n\t\t\t\t\t\t\t<a data-e-gallery-tags=\"1\" href=\"https:\/\/tojos.lt\/wp-content\/uploads\/2020\/02\/28-1-scaled.jpg\" data-elementor-open-lightbox=\"yes\" data-elementor-lightbox-slideshow=\"all-f85eb94\"><br \/>\n\t\t\t\t\t\t\t\t\t\t\t\t\t\t<\/a><br \/>\n\t\t\t\t\t\t\t<a data-e-gallery-tags=\"1\" href=\"https:\/\/tojos.lt\/wp-content\/uploads\/2020\/02\/29-1-scaled.jpg\" data-elementor-open-lightbox=\"yes\" data-elementor-lightbox-slideshow=\"all-f85eb94\"><br \/>\n\t\t\t\t\t\t\t\t\t\t\t\t\t\t<\/a><\/p>\n<h2>Kontakt oss<\/h2>\n<p><b style=\"font-size: 18px;\">Details<\/b><\/p>\n<p>UAB \u201cTojos\u201d<\/p>\n<p>Org. Nr.: 304418726<\/p>\n<p>MVA registreringsnummer: LT100010961410<\/p>\n<p>Adresse: Elektr\u0117n\u0173 g. 16, Kaunas, LT-51205, Litauen<\/p>\n<p>Konto: LT 207300010150118933 Swedbank<\/p>\n<p>\t\t\t<iframe frameborder=\"0\" scrolling=\"no\" marginheight=\"0\" marginwidth=\"0\" src=\"https:\/\/maps.google.com\/maps?q=Elektr%C4%97n%C5%B3%20%20g.%2016%2C%20Kaunas&amp;t=m&amp;z=10&amp;output=embed&amp;iwloc=near\" title=\"Elektr\u0117n\u0173  g. 16, Kaunas\" aria-label=\"Elektr\u0117n\u0173  g. 16, Kaunas\"><\/iframe>\t\t<\/p>\n<p><b>Gediminas Naikauskas&nbsp;<\/b><\/p>\n<p>gediminas@tojos.lt<\/p>\n<p>+370 624 74 352<\/p>\n<p>+47 413 26 261<\/p>\n","protected":false},"excerpt":{"rendered":"<p>Topp jobb solutions! PROSJEKTER Top job solutions! PROSJEKTER Om oss V\u00e5r m\u00e5l er \u00e5 konvertere kundens \u00f8nsker til virkelighet. Kontakt oss hvis du har behov for beregninger, tegninger og leveranse av st\u00e5lkonstruksjoner eller andre st\u00e5lelementer slik som trapp, rekkverk, osv.\u00a0\u00a0Vi kan ogs\u00e5 tilby et stort utvalg av byggematerialer. TJENESTER Tjenester Prosjektering og beregninger av st\u00e5lkonstruksjoner [&hellip;]<\/p>\n","protected":false},"author":1,"featured_media":0,"parent":0,"menu_order":0,"comment_status":"closed","ping_status":"closed","template":"elementor_header_footer","meta":{"footnotes":""},"class_list":["post-380","page","type-page","status-publish","hentry","entry"],"_links":{"self":[{"href":"https:\/\/tojos.lt\/nb\/wp-json\/wp\/v2\/pages\/380"}],"collection":[{"href":"https:\/\/tojos.lt\/nb\/wp-json\/wp\/v2\/pages"}],"about":[{"href":"https:\/\/tojos.lt\/nb\/wp-json\/wp\/v2\/types\/page"}],"author":[{"embeddable":true,"href":"https:\/\/tojos.lt\/nb\/wp-json\/wp\/v2\/users\/1"}],"replies":[{"embeddable":true,"href":"https:\/\/tojos.lt\/nb\/wp-json\/wp\/v2\/comments?post=380"}],"version-history":[{"count":40,"href":"https:\/\/tojos.lt\/nb\/wp-json\/wp\/v2\/pages\/380\/revisions"}],"predecessor-version":[{"id":478,"href":"https:\/\/tojos.lt\/nb\/wp-json\/wp\/v2\/pages\/380\/revisions\/478"}],"wp:attachment":[{"href":"https:\/\/tojos.lt\/nb\/wp-json\/wp\/v2\/media?parent=380"}],"curies":[{"name":"wp","href":"https:\/\/api.w.org\/{rel}","templated":true}]}}